{"id":105324,"date":"2025-12-02T00:28:01","date_gmt":"2025-12-02T00:28:01","guid":{"rendered":"https:\/\/rotallieta.lv\/?post_type=product&#038;p=105324"},"modified":"2026-02-04T20:46:29","modified_gmt":"2026-02-04T20:46:29","slug":"lena-worxx-dump-truck-04636-volvo-%d0%b8%d0%b3%d1%80%d1%83%d1%88%d0%b5%d1%87%d0%bd%d1%8b%d0%b9-%d1%81%d0%b0%d0%bc%d0%be%d1%81%d0%b2%d0%b0%d0%bb-45-cm","status":"publish","type":"product","link":"https:\/\/rotallieta.lv\/ru\/first\/lena-worxx-dump-truck-04636-volvo-%d0%b8%d0%b3%d1%80%d1%83%d1%88%d0%b5%d1%87%d0%bd%d1%8b%d0%b9-%d1%81%d0%b0%d0%bc%d0%be%d1%81%d0%b2%d0%b0%d0%bb-45-cm\/","title":{"rendered":"Lena Worxx Dump Truck 04636 Volvo \u0438\u0433\u0440\u0443\u0448\u0435\u0447\u043d\u044b\u0439 \u0441\u0430\u043c\u043e\u0441\u0432\u0430\u043b 45 cm"},"content":{"rendered":"<p><iframe title=\"Lena Worxx Dump Truck 04636 Volvo rota\u013cu pa\u0161izg\u0101z\u0113js 45 cm\" width=\"500\" height=\"281\" src=\"https:\/\/www.youtube.com\/embed\/4To3KtFd1eo?feature=oembed\" frameborder=\"0\" allow=\"accelerometer; autoplay; clipboard-write; encrypted-media; gyroscope; picture-in-picture; web-share\" referrerpolicy=\"strict-origin-when-cross-origin\" allowfullscreen><\/iframe><\/p>\n<p>\u0418\u0433\u0440\u0443\u0448\u0435\u0447\u043d\u044b\u0439 \u0441\u0430\u043c\u043e\u0441\u0432\u0430\u043b Volvo \u0434\u043b\u0438\u043d\u043e\u0439 45 \u0441\u0430\u043d\u0442\u0438\u043c\u0435\u0442\u0440\u043e\u0432. \u041a\u0443\u0437\u043e\u0432 \u0441\u0430\u043c\u043e\u0441\u0432\u0430\u043b\u0430 \u0438\u043c\u0435\u0435\u0442 \u043e\u0442\u043a\u0438\u0434\u044b\u0432\u0430\u044e\u0449\u0438\u0439\u0441\u044f \u0431\u043e\u0440\u0442, \u0430 \u0442\u0430\u043a\u0436\u0435 \u0444\u0438\u043a\u0441\u0430\u0442\u043e\u0440 \u0434\u043b\u044f \u043f\u0440\u0435\u0434\u043e\u0442\u0432\u0440\u0430\u0449\u0435\u043d\u0438\u044f \u043e\u043f\u0440\u043e\u043a\u0438\u0434\u044b\u0432\u0430\u043d\u0438\u044f. \u041e\u0446\u0438\u043d\u043a\u043e\u0432\u0430\u043d\u043d\u044b\u0435 \u043e\u0441\u0438 (5 \u043c\u043c).<\/p>\n","protected":false},"excerpt":{"rendered":"<p>\u0412\u043e\u0437\u0440\u0430\u0441\u0442: 3+ \u0433\u043e\u0434\u0430<\/p>\n<p>\u0414\u043b\u0438\u043d\u0430: ~45 \u0441\u043c<\/p>\n<p><img decoding=\"async\" class=\"alignnone size-full wp-image-99646\" src=\"https:\/\/rotallieta.lv\/wp-content\/uploads\/2025\/07\/DPD_bespl_dost_ok.webp\" alt=\"\u0411\u0435\u0441\u043f\u043b\u0430\u0442\u043d\u0430\u044f \u0434\u043e\u0441\u0442\u0430\u0432\u043a\u0430 \u0432 \u043f\u0430\u043a\u043e\u043c\u0430\u0442\u044b \u043f\u043e \u041b\u0430\u0442\u0432\u0438\u0438\" width=\"200\" height=\"50\" \/><\/p>\n","protected":false},"featured_media":105448,"template":"","meta":[],"product_cat":[450,443,384,376],"product_tag":[],"class_list":{"0":"post-105324","1":"product","2":"type-product","3":"status-publish","4":"has-post-thumbnail","6":"product_cat-450","7":"product_cat-443","8":"product_cat-384","9":"product_cat-376","11":"first","12":"outofstock","13":"shipping-taxable","14":"purchasable","15":"product-type-simple"},"aioseo_notices":[],"_links":{"self":[{"href":"https:\/\/rotallieta.lv\/ru\/wp-json\/wp\/v2\/product\/105324","targetHints":{"allow":["GET"]}}],"collection":[{"href":"https:\/\/rotallieta.lv\/ru\/wp-json\/wp\/v2\/product"}],"about":[{"href":"https:\/\/rotallieta.lv\/ru\/wp-json\/wp\/v2\/types\/product"}],"wp:featuredmedia":[{"embeddable":true,"href":"https:\/\/rotallieta.lv\/ru\/wp-json\/wp\/v2\/media\/105448"}],"wp:attachment":[{"href":"https:\/\/rotallieta.lv\/ru\/wp-json\/wp\/v2\/media?parent=105324"}],"wp:term":[{"taxonomy":"product_cat","embeddable":true,"href":"https:\/\/rotallieta.lv\/ru\/wp-json\/wp\/v2\/product_cat?post=105324"},{"taxonomy":"product_tag","embeddable":true,"href":"https:\/\/rotallieta.lv\/ru\/wp-json\/wp\/v2\/product_tag?post=105324"}],"curies":[{"name":"wp","href":"https:\/\/api.w.org\/{rel}","templated":true}]}}