{"id":58163,"date":"2023-10-13T15:05:34","date_gmt":"2023-10-13T15:05:34","guid":{"rendered":"https:\/\/rotallieta.lv\/?post_type=product&#038;p=58163"},"modified":"2025-03-28T04:38:50","modified_gmt":"2025-03-28T04:38:50","slug":"%d0%b4%d0%b5%d1%82%d1%81%d0%ba%d0%b8%d0%b9-%d0%bd%d0%b0%d0%b1%d0%be%d1%80-%d1%81%d0%b0%d0%bb%d0%be%d0%bd-%d0%ba%d1%80%d0%b0%d1%81%d0%be%d1%82%d1%8b-stylish","status":"publish","type":"product","link":"https:\/\/rotallieta.lv\/ru\/first\/%d0%b4%d0%b5%d1%82%d1%81%d0%ba%d0%b8%d0%b9-%d0%bd%d0%b0%d0%b1%d0%be%d1%80-%d1%81%d0%b0%d0%bb%d0%be%d0%bd-%d0%ba%d1%80%d0%b0%d1%81%d0%be%d1%82%d1%8b-stylish\/","title":{"rendered":"\u0414\u0435\u0442\u0441\u043a\u0438\u0439 \u043d\u0430\u0431\u043e\u0440 \u00ab\u0421\u0430\u043b\u043e\u043d \u043a\u0440\u0430\u0441\u043e\u0442\u044b\u00bb Stylish"},"content":{"rendered":"<p><iframe title=\"Skaistumkop\u0161anas komplekts un rota\u013cu matu f\u0113ns Stylish\" width=\"500\" height=\"281\" src=\"https:\/\/www.youtube.com\/embed\/IBPcLTJOEY8?feature=oembed\" frameborder=\"0\" allow=\"accelerometer; autoplay; clipboard-write; encrypted-media; gyroscope; picture-in-picture; web-share\" referrerpolicy=\"strict-origin-when-cross-origin\" allowfullscreen><\/iframe><\/p>\n<p>\u0418\u0433\u0440\u043e\u0432\u043e\u0439 \u043d\u0430\u0431\u043e\u0440 \u0434\u043b\u044f \u0443\u043a\u043b\u0430\u0434\u043a\u0438 \u0432\u043e\u043b\u043e\u0441. \u0418\u0433\u0440\u0443\u0448\u0435\u0447\u043d\u044b\u0439 \u0444\u0435\u043d \u044f\u0432\u043b\u044f\u0435\u0442\u0441\u044f \u043e\u0441\u043d\u043e\u0432\u043d\u044b\u043c \u044d\u043b\u0435\u043c\u0435\u043d\u0442\u043e\u043c \u044d\u0442\u043e\u0433\u043e \u043d\u0430\u0431\u043e\u0440\u0430 \u2014 \u0432\u0441\u0442\u0430\u0432\u043b\u044f\u0435\u043c \u0431\u0430\u0442\u0430\u0440\u0435\u0439\u043a\u0443 \u0438 \u043e\u0449\u0443\u0449\u0430\u0435\u043c \u043d\u0435\u0431\u043e\u043b\u044c\u0448\u043e\u0439 \u043f\u043e\u0442\u043e\u043a \u0432\u043e\u0437\u0434\u0443\u0445\u0430 \u0438 \u0436\u0443\u0436\u0436\u0430\u043d\u0438\u0435 \u043c\u043e\u0442\u043e\u0440\u0430!<\/p>\n","protected":false},"excerpt":{"rendered":"<p>\u0412\u043e\u0437\u0440\u0430\u0441\u0442: 3+ \u0433\u043e\u0434\u0430<\/p>\n<p>\u0411\u0430\u0442\u0430\u0440\u0435\u0439\u043a\u0438: 1 \u0445 \u0410\u0410 (\u043d\u0435 \u043f\u0440\u0438\u043b\u0430\u0433\u0430\u0435\u0442\u0441\u044f)<\/p>\n<p><span style=\"color: #339966;\"><strong>\u0411\u0435\u0441\u043f\u043b\u0430\u0442\u043d\u0430\u044f \u0434\u043e\u0441\u0442\u0430\u0432\u043a\u0430!<\/strong><\/span><\/p>\n","protected":false},"featured_media":54581,"template":"","meta":[],"product_cat":[466,412,416],"product_tag":[],"class_list":{"0":"post-58163","1":"product","2":"type-product","3":"status-publish","4":"has-post-thumbnail","6":"product_cat-466","7":"product_cat-412","8":"product_cat-416","10":"first","11":"instock","12":"shipping-taxable","13":"purchasable","14":"product-type-simple"},"aioseo_notices":[],"_links":{"self":[{"href":"https:\/\/rotallieta.lv\/ru\/wp-json\/wp\/v2\/product\/58163","targetHints":{"allow":["GET"]}}],"collection":[{"href":"https:\/\/rotallieta.lv\/ru\/wp-json\/wp\/v2\/product"}],"about":[{"href":"https:\/\/rotallieta.lv\/ru\/wp-json\/wp\/v2\/types\/product"}],"wp:featuredmedia":[{"embeddable":true,"href":"https:\/\/rotallieta.lv\/ru\/wp-json\/wp\/v2\/media\/54581"}],"wp:attachment":[{"href":"https:\/\/rotallieta.lv\/ru\/wp-json\/wp\/v2\/media?parent=58163"}],"wp:term":[{"taxonomy":"product_cat","embeddable":true,"href":"https:\/\/rotallieta.lv\/ru\/wp-json\/wp\/v2\/product_cat?post=58163"},{"taxonomy":"product_tag","embeddable":true,"href":"https:\/\/rotallieta.lv\/ru\/wp-json\/wp\/v2\/product_tag?post=58163"}],"curies":[{"name":"wp","href":"https:\/\/api.w.org\/{rel}","templated":true}]}}