{"id":59133,"date":"2023-10-15T13:12:28","date_gmt":"2023-10-15T13:12:28","guid":{"rendered":"https:\/\/rotallieta.lv\/?post_type=product&#038;p=59133"},"modified":"2025-02-10T23:39:13","modified_gmt":"2025-02-10T23:39:13","slug":"cookie-monster-%d0%bc%d1%8f%d0%b3%d0%ba%d0%b0%d1%8f-%d0%b8%d0%b3%d1%80%d1%83%d1%88%d0%ba%d0%b0-25-%d1%81%d0%bc","status":"publish","type":"product","link":"https:\/\/rotallieta.lv\/ru\/first\/cookie-monster-%d0%bc%d1%8f%d0%b3%d0%ba%d0%b0%d1%8f-%d0%b8%d0%b3%d1%80%d1%83%d1%88%d0%ba%d0%b0-25-%d1%81%d0%bc\/","title":{"rendered":"Cookie Monster \u043c\u044f\u0433\u043a\u0430\u044f \u0438\u0433\u0440\u0443\u0448\u043a\u0430 25 \u0441\u043c"},"content":{"rendered":"<p><iframe title=\"Play By Play plush toy Cookie Monster m\u012bkst\u0101 rota\u013clieta 25 cm\" width=\"500\" height=\"281\" src=\"https:\/\/www.youtube.com\/embed\/6OHiqz-PGuQ?feature=oembed\" frameborder=\"0\" allow=\"accelerometer; autoplay; clipboard-write; encrypted-media; gyroscope; picture-in-picture; web-share\" referrerpolicy=\"strict-origin-when-cross-origin\" allowfullscreen><\/iframe><\/p>\n<p>\u041a\u0430\u0447\u0435\u0441\u0442\u0432\u0435\u043d\u043d\u0430\u044f \u043c\u044f\u0433\u043a\u0430\u044f \u0438\u0433\u0440\u0443\u0448\u043a\u0430 \u043e\u0442 \u043a\u043e\u043c\u043f\u0430\u043d\u0438\u0438 Play by Play. \u0412\u044b\u043c\u044b\u0448\u043b\u0435\u043d\u043d\u044b\u0439 \u043f\u0435\u0440\u0441\u043e\u043d\u0430\u0436 \u00ab\u043f\u0435\u0447\u0435\u043d\u044c\u043a\u043e\u0432\u044b\u0439 \u043c\u043e\u043d\u0441\u0442\u00bb \u0438\u043b\u0438 \u043f\u0440\u043e\u0441\u0442\u043e \u041a\u043e\u0440\u0436\u0438\u043a.<\/p>\n","protected":false},"excerpt":{"rendered":"<p>\u0412\u043e\u0437\u0440\u0430\u0441\u0442: 1+ \u0433\u043e\u0434<\/p>\n<p><span style=\"color: #339966;\"><strong>\u0411\u0435\u0441\u043f\u043b\u0430\u0442\u043d\u0430\u044f \u0434\u043e\u0441\u0442\u0430\u0432\u043a\u0430!<\/strong><\/span><\/p>\n","protected":false},"featured_media":56061,"template":"","meta":[],"product_cat":[436],"product_tag":[],"class_list":{"0":"post-59133","1":"product","2":"type-product","3":"status-publish","4":"has-post-thumbnail","6":"product_cat-436","8":"first","9":"instock","10":"shipping-taxable","11":"purchasable","12":"product-type-simple"},"aioseo_notices":[],"_links":{"self":[{"href":"https:\/\/rotallieta.lv\/ru\/wp-json\/wp\/v2\/product\/59133","targetHints":{"allow":["GET"]}}],"collection":[{"href":"https:\/\/rotallieta.lv\/ru\/wp-json\/wp\/v2\/product"}],"about":[{"href":"https:\/\/rotallieta.lv\/ru\/wp-json\/wp\/v2\/types\/product"}],"wp:featuredmedia":[{"embeddable":true,"href":"https:\/\/rotallieta.lv\/ru\/wp-json\/wp\/v2\/media\/56061"}],"wp:attachment":[{"href":"https:\/\/rotallieta.lv\/ru\/wp-json\/wp\/v2\/media?parent=59133"}],"wp:term":[{"taxonomy":"product_cat","embeddable":true,"href":"https:\/\/rotallieta.lv\/ru\/wp-json\/wp\/v2\/product_cat?post=59133"},{"taxonomy":"product_tag","embeddable":true,"href":"https:\/\/rotallieta.lv\/ru\/wp-json\/wp\/v2\/product_tag?post=59133"}],"curies":[{"name":"wp","href":"https:\/\/api.w.org\/{rel}","templated":true}]}}