{"id":64841,"date":"2023-10-28T07:58:47","date_gmt":"2023-10-28T07:58:47","guid":{"rendered":"https:\/\/rotallieta.lv\/?post_type=product&#038;p=64841"},"modified":"2023-12-25T17:36:03","modified_gmt":"2023-12-25T17:36:03","slug":"%d0%b8%d0%b3%d1%80%d1%83%d1%88%d0%b5%d1%87%d0%bd%d1%8b%d0%b9-%d0%bf%d0%be%d0%b3%d1%80%d1%83%d0%b7%d1%87%d0%b8%d0%ba-city-service-116-forklift","status":"publish","type":"product","link":"https:\/\/rotallieta.lv\/ru\/first\/%d0%b8%d0%b3%d1%80%d1%83%d1%88%d0%b5%d1%87%d0%bd%d1%8b%d0%b9-%d0%bf%d0%be%d0%b3%d1%80%d1%83%d0%b7%d1%87%d0%b8%d0%ba-city-service-116-forklift\/","title":{"rendered":"\u0418\u0433\u0440\u0443\u0448\u0435\u0447\u043d\u044b\u0439 \u043f\u043e\u0433\u0440\u0443\u0437\u0447\u0438\u043a City Service 1\/16 Forklift"},"content":{"rendered":"<p><iframe title=\"Rota\u013cu iekr\u0101v\u0113js City Service Forklift 1 16 Wenyi WY690A\" width=\"500\" height=\"281\" src=\"https:\/\/www.youtube.com\/embed\/hh0gY_TnOSA?feature=oembed\" frameborder=\"0\" allow=\"accelerometer; autoplay; clipboard-write; encrypted-media; gyroscope; picture-in-picture; web-share\" referrerpolicy=\"strict-origin-when-cross-origin\" allowfullscreen><\/iframe><\/p>\n<p>\u0418\u0433\u0440\u0443\u0448\u0435\u0447\u043d\u044b\u0439 \u0432\u0438\u043b\u043e\u0447\u043d\u044b\u0439 \u043f\u043e\u0433\u0440\u0443\u0437\u0447\u0438\u043a \u0441\u043e \u0437\u0432\u0443\u043a\u043e\u0432\u044b\u043c\u0438 \u0438 \u0441\u0432\u0435\u0442\u043e\u0432\u044b\u043c\u0438 \u044d\u0444\u0444\u0435\u043a\u0442\u0430\u043c\u0438. \u0422\u0435\u0445\u043d\u0438\u043a\u0430 \u043e\u0431\u043e\u0440\u0443\u0434\u043e\u0432\u0430\u043d\u0430 \u0438\u043d\u0435\u0440\u0446\u0438\u043e\u043d\u043d\u044b\u043c \u043c\u0435\u0445\u0430\u043d\u0438\u0437\u043c\u043e\u043c. \u041c\u0435\u0445\u0430\u043d\u0438\u0447\u0435\u0441\u043a\u043e\u0435 \u0442\u0440\u0430\u043d\u0441\u043f\u043e\u0440\u0442\u043d\u043e\u0435 \u0441\u0440\u0435\u0434\u0441\u0442\u0432\u043e \u043f\u0440\u043e\u0434\u0430\u0435\u0442\u0441\u044f \u0432\u043c\u0435\u0441\u0442\u0435 \u0441 \u043f\u043e\u0434\u0434\u043e\u043d\u043e\u043c.<\/p>\n","protected":false},"excerpt":{"rendered":"<p>\u0412\u043e\u0437\u0440\u0430\u0441\u0442: 3+ \u0433\u043e\u0434\u0430<\/p>\n<p>\u0411\u0430\u0442\u0430\u0440\u0435\u0439\u043a\u0438: 3 x AG13 (\u043f\u0440\u0438\u043b\u0430\u0433\u0430\u044e\u0442\u0441\u044f)<\/p>\n<p>\u0420\u0430\u0437\u043c\u0435\u0440: ~23 x 13 x 6,5 c\u043c<\/p>\n<p><span style=\"color: #339966;\"><strong>\u0411\u0435\u0441\u043f\u043b\u0430\u0442\u043d\u0430\u044f \u0434\u043e\u0441\u0442\u0430\u0432\u043a\u0430!<\/strong><\/span><\/p>\n","protected":false},"featured_media":64181,"template":"","meta":[],"product_cat":[450,443],"product_tag":[],"class_list":{"0":"post-64841","1":"product","2":"type-product","3":"status-publish","4":"has-post-thumbnail","6":"product_cat-450","7":"product_cat-443","9":"first","10":"instock","11":"shipping-taxable","12":"purchasable","13":"product-type-simple"},"aioseo_notices":[],"_links":{"self":[{"href":"https:\/\/rotallieta.lv\/ru\/wp-json\/wp\/v2\/product\/64841","targetHints":{"allow":["GET"]}}],"collection":[{"href":"https:\/\/rotallieta.lv\/ru\/wp-json\/wp\/v2\/product"}],"about":[{"href":"https:\/\/rotallieta.lv\/ru\/wp-json\/wp\/v2\/types\/product"}],"wp:featuredmedia":[{"embeddable":true,"href":"https:\/\/rotallieta.lv\/ru\/wp-json\/wp\/v2\/media\/64181"}],"wp:attachment":[{"href":"https:\/\/rotallieta.lv\/ru\/wp-json\/wp\/v2\/media?parent=64841"}],"wp:term":[{"taxonomy":"product_cat","embeddable":true,"href":"https:\/\/rotallieta.lv\/ru\/wp-json\/wp\/v2\/product_cat?post=64841"},{"taxonomy":"product_tag","embeddable":true,"href":"https:\/\/rotallieta.lv\/ru\/wp-json\/wp\/v2\/product_tag?post=64841"}],"curies":[{"name":"wp","href":"https:\/\/api.w.org\/{rel}","templated":true}]}}