{"id":71041,"date":"2023-11-04T15:56:32","date_gmt":"2023-11-04T15:56:32","guid":{"rendered":"https:\/\/rotallieta.lv\/?post_type=product&#038;p=71041"},"modified":"2023-12-24T09:19:38","modified_gmt":"2023-12-24T09:19:38","slug":"%d0%bc%d0%b0%d0%b3%d0%bd%d0%b8%d1%82%d0%bd%d0%b0%d1%8f-%d0%b4%d0%be%d1%81%d0%ba%d0%b0-%d0%b4%d0%bb%d1%8f-%d1%80%d0%b8%d1%81%d0%be%d0%b2%d0%b0%d0%bd%d0%b8%d1%8f-magnetic-sketcher-animals","status":"publish","type":"product","link":"https:\/\/rotallieta.lv\/ru\/first\/%d0%bc%d0%b0%d0%b3%d0%bd%d0%b8%d1%82%d0%bd%d0%b0%d1%8f-%d0%b4%d0%be%d1%81%d0%ba%d0%b0-%d0%b4%d0%bb%d1%8f-%d1%80%d0%b8%d1%81%d0%be%d0%b2%d0%b0%d0%bd%d0%b8%d1%8f-magnetic-sketcher-animals\/","title":{"rendered":"\u041c\u0430\u0433\u043d\u0438\u0442\u043d\u0430\u044f \u0434\u043e\u0441\u043a\u0430 \u0434\u043b\u044f \u0440\u0438\u0441\u043e\u0432\u0430\u043d\u0438\u044f Magnetic Sketcher Animals"},"content":{"rendered":"<p><iframe title=\"Educational drawing board, Magnetic Sketcher, Magn\u0113tisk\u0101 z\u012bm\u0113\u0161anas t\u0101fele\" width=\"500\" height=\"281\" src=\"https:\/\/www.youtube.com\/embed\/HkDrNF90FBg?feature=oembed\" frameborder=\"0\" allow=\"accelerometer; autoplay; clipboard-write; encrypted-media; gyroscope; picture-in-picture; web-share\" referrerpolicy=\"strict-origin-when-cross-origin\" allowfullscreen><\/iframe><\/p>\n<p>\u0414\u0435\u0442\u0441\u043a\u0430\u044f \u043c\u0430\u0433\u043d\u0438\u0442\u043d\u0430\u044f \u0434\u043e\u0441\u043a\u0430 \u0434\u043b\u044f \u0440\u0438\u0441\u043e\u0432\u0430\u043d\u0438\u044f \u0441 \u043f\u0435\u0447\u0430\u0442\u044f\u043c\u0438 \u0432 \u0432\u0438\u0434\u0435 \u0436\u0438\u0432\u043e\u0442\u043d\u044b\u0445. \u0423\u0434\u043e\u0431\u043d\u043e \u0431\u0440\u0430\u0442\u044c \u0441 \u0441\u043e\u0431\u043e\u0439 \u2014 \u0438\u043c\u0435\u0435\u0442\u0441\u044f \u0440\u0443\u0447\u043a\u0430. \u0420\u0430\u0437\u043c\u0435\u0440 \u0440\u0430\u0431\u043e\u0447\u0435\u0439 \u043f\u043e\u0432\u0435\u0440\u0445\u043d\u043e\u0441\u0442\u0438 23 \u0445 16 \u0441\u0430\u043d\u0442\u0438\u043c\u0435\u0442\u0440\u043e\u0432.<\/p>\n","protected":false},"excerpt":{"rendered":"<p>\u0412\u043e\u0437\u0440\u0430\u0441\u0442: 3+ \u0433\u043e\u0434\u0430<\/p>\n<p>\u0420\u0430\u0437\u043c\u0435\u0440: ~31 x 31 c\u043c<\/p>\n<p><span style=\"color: #339966;\"><strong>\u0411\u0435\u0441\u043f\u043b\u0430\u0442\u043d\u0430\u044f \u0434\u043e\u0441\u0442\u0430\u0432\u043a\u0430!<\/strong><\/span><\/p>\n","protected":false},"featured_media":104407,"template":"","meta":[],"product_cat":[422,412],"product_tag":[],"class_list":{"0":"post-71041","1":"product","2":"type-product","3":"status-publish","4":"has-post-thumbnail","6":"product_cat-422","7":"product_cat-412","9":"first","10":"instock","11":"shipping-taxable","12":"purchasable","13":"product-type-simple"},"aioseo_notices":[],"_links":{"self":[{"href":"https:\/\/rotallieta.lv\/ru\/wp-json\/wp\/v2\/product\/71041","targetHints":{"allow":["GET"]}}],"collection":[{"href":"https:\/\/rotallieta.lv\/ru\/wp-json\/wp\/v2\/product"}],"about":[{"href":"https:\/\/rotallieta.lv\/ru\/wp-json\/wp\/v2\/types\/product"}],"wp:featuredmedia":[{"embeddable":true,"href":"https:\/\/rotallieta.lv\/ru\/wp-json\/wp\/v2\/media\/104407"}],"wp:attachment":[{"href":"https:\/\/rotallieta.lv\/ru\/wp-json\/wp\/v2\/media?parent=71041"}],"wp:term":[{"taxonomy":"product_cat","embeddable":true,"href":"https:\/\/rotallieta.lv\/ru\/wp-json\/wp\/v2\/product_cat?post=71041"},{"taxonomy":"product_tag","embeddable":true,"href":"https:\/\/rotallieta.lv\/ru\/wp-json\/wp\/v2\/product_tag?post=71041"}],"curies":[{"name":"wp","href":"https:\/\/api.w.org\/{rel}","templated":true}]}}