{"id":71826,"date":"2023-11-09T08:19:31","date_gmt":"2023-11-09T08:19:31","guid":{"rendered":"https:\/\/rotallieta.lv\/?post_type=product&#038;p=71826"},"modified":"2023-12-07T15:14:53","modified_gmt":"2023-12-07T15:14:53","slug":"%d0%bd%d0%b0%d0%b1%d0%be%d1%80-%d0%b4%d0%bb%d1%8f-%d1%80%d0%b8%d1%81%d0%be%d0%b2%d0%b0%d0%bd%d0%b8%d1%8f-colorful-italy-288-piece","status":"publish","type":"product","link":"https:\/\/rotallieta.lv\/ru\/first\/%d0%bd%d0%b0%d0%b1%d0%be%d1%80-%d0%b4%d0%bb%d1%8f-%d1%80%d0%b8%d1%81%d0%be%d0%b2%d0%b0%d0%bd%d0%b8%d1%8f-colorful-italy-288-piece\/","title":{"rendered":"\u041d\u0430\u0431\u043e\u0440 \u0434\u043b\u044f \u0440\u0438\u0441\u043e\u0432\u0430\u043d\u0438\u044f Colorful Italy 288 Piece"},"content":{"rendered":"<p><iframe title=\"Painting set 288 Italy Art  Z\u012bm\u0113\u0161anas komplekts\" width=\"500\" height=\"281\" src=\"https:\/\/www.youtube.com\/embed\/B4IbQMTj2Ag?feature=oembed\" frameborder=\"0\" allow=\"accelerometer; autoplay; clipboard-write; encrypted-media; gyroscope; picture-in-picture; web-share\" referrerpolicy=\"strict-origin-when-cross-origin\" allowfullscreen><\/iframe><\/p>\n<p>\u0411\u043e\u043b\u044c\u0448\u043e\u0439 \u0434\u0435\u0442\u0441\u043a\u0438\u0439 \u043a\u043e\u043c\u043f\u043b\u0435\u043a\u0442 \u0434\u043b\u044f \u0440\u0438\u0441\u043e\u0432\u0430\u043d\u0438\u044f \u0441\u043e\u0441\u0442\u043e\u044f\u0449\u0438\u0439 \u0438\u0437 288 \u044d\u043b\u0435\u043c\u0435\u043d\u0442\u043e\u0432. \u041d\u0430\u0431\u043e\u0440 \u043b\u0435\u0433\u043a\u043e \u0442\u0440\u0430\u043d\u0441\u043f\u043e\u0440\u0442\u0438\u0440\u043e\u0432\u0430\u0442\u044c \u2014 \u0443\u043f\u0430\u043a\u043e\u0432\u043a\u0430 \u0441\u0434\u0435\u043b\u0430\u043d\u0430 \u0432 \u0432\u0438\u0434\u0435 \u0447\u0435\u043c\u043e\u0434\u0430\u043d\u0447\u0438\u043a\u0430 \u0441 \u0440\u0443\u0447\u043a\u043e\u0439.<\/p>\n","protected":false},"excerpt":{"rendered":"<p>\u0412\u043e\u0437\u0440\u0430\u0441\u0442: 3+ \u0433\u043e\u0434\u0430<\/p>\n<p>\u0420\u0430\u0437\u043c\u0435\u0440: ~47 \u0445 45 \u0441\u043c<\/p>\n<p><span style=\"color: #339966;\"><strong>\u0411\u0435\u0441\u043f\u043b\u0430\u0442\u043d\u0430\u044f \u0434\u043e\u0441\u0442\u0430\u0432\u043a\u0430!<\/strong><\/span><\/p>\n","protected":false},"featured_media":102698,"template":"","meta":[],"product_cat":[422,412],"product_tag":[],"class_list":{"0":"post-71826","1":"product","2":"type-product","3":"status-publish","4":"has-post-thumbnail","6":"product_cat-422","7":"product_cat-412","9":"first","10":"outofstock","11":"shipping-taxable","12":"purchasable","13":"product-type-simple"},"aioseo_notices":[],"_links":{"self":[{"href":"https:\/\/rotallieta.lv\/ru\/wp-json\/wp\/v2\/product\/71826","targetHints":{"allow":["GET"]}}],"collection":[{"href":"https:\/\/rotallieta.lv\/ru\/wp-json\/wp\/v2\/product"}],"about":[{"href":"https:\/\/rotallieta.lv\/ru\/wp-json\/wp\/v2\/types\/product"}],"wp:featuredmedia":[{"embeddable":true,"href":"https:\/\/rotallieta.lv\/ru\/wp-json\/wp\/v2\/media\/102698"}],"wp:attachment":[{"href":"https:\/\/rotallieta.lv\/ru\/wp-json\/wp\/v2\/media?parent=71826"}],"wp:term":[{"taxonomy":"product_cat","embeddable":true,"href":"https:\/\/rotallieta.lv\/ru\/wp-json\/wp\/v2\/product_cat?post=71826"},{"taxonomy":"product_tag","embeddable":true,"href":"https:\/\/rotallieta.lv\/ru\/wp-json\/wp\/v2\/product_tag?post=71826"}],"curies":[{"name":"wp","href":"https:\/\/api.w.org\/{rel}","templated":true}]}}