{"id":72346,"date":"2023-11-11T09:11:20","date_gmt":"2023-11-11T09:11:20","guid":{"rendered":"https:\/\/rotallieta.lv\/?post_type=product&#038;p=72346"},"modified":"2024-04-07T14:14:04","modified_gmt":"2024-04-07T14:14:04","slug":"%d0%b8%d0%b3%d1%80%d1%83%d1%88%d0%b5%d1%87%d0%bd%d0%b0%d1%8f-%d0%b1%d0%b5%d0%bd%d0%b7%d0%be%d0%bf%d0%b8%d0%bb%d0%b0-red-power-saw","status":"publish","type":"product","link":"https:\/\/rotallieta.lv\/ru\/first\/%d0%b8%d0%b3%d1%80%d1%83%d1%88%d0%b5%d1%87%d0%bd%d0%b0%d1%8f-%d0%b1%d0%b5%d0%bd%d0%b7%d0%be%d0%bf%d0%b8%d0%bb%d0%b0-red-power-saw\/","title":{"rendered":"\u0418\u0433\u0440\u0443\u0448\u0435\u0447\u043d\u0430\u044f \u0431\u0435\u043d\u0437\u043e\u043f\u0438\u043b\u0430 Red Power Saw"},"content":{"rendered":"<p><iframe title=\"Rota\u013cu z\u0101\u0123is motorz\u0101\u0123is Red Power Saw Wei Da 192\" width=\"500\" height=\"281\" src=\"https:\/\/www.youtube.com\/embed\/eoYy0WlwnfE?feature=oembed\" frameborder=\"0\" allow=\"accelerometer; autoplay; clipboard-write; encrypted-media; gyroscope; picture-in-picture; web-share\" referrerpolicy=\"strict-origin-when-cross-origin\" allowfullscreen><\/iframe><\/p>\n<p>\u0414\u0435\u0442\u0441\u043a\u043e\u0435 \u0436\u0435\u043b\u0430\u043d\u0438\u0435 \u0432\u0437\u044f\u0442\u044c \u0432 \u0440\u0443\u043a\u0438 \u0431\u0435\u043d\u0437\u043e\u043f\u0438\u043b\u0443 \u0438 \u043f\u0440\u0438\u0432\u0435\u0441\u0442\u0438 \u0432 \u0434\u0432\u0438\u0436\u0435\u043d\u0438\u0435 \u0446\u0435\u043f\u044c, \u043d\u0430\u0436\u0430\u0432 \u043d\u0430 \u043a\u043d\u043e\u043f\u043a\u0443, \u0442\u0435\u043f\u0435\u0440\u044c \u043c\u043e\u0436\u0435\u0442 \u0441\u0431\u044b\u0442\u044c\u0441\u044f. \u0414\u0430\u043d\u043d\u0430\u044f \u0438\u0433\u0440\u0443\u0448\u0435\u0447\u043d\u0430\u044f \u0431\u0435\u043d\u0437\u043e\u043f\u0438\u043b\u0430 \u0432\u043f\u043e\u043b\u043d\u0435 \u0441\u0445\u043e\u0436\u0430 \u0441 \u043d\u0430\u0441\u0442\u043e\u044f\u0449\u0435\u0439 \u0438 \u0438\u0437\u0434\u0430\u0451\u0442 \u0440\u0435\u0430\u043b\u0438\u0441\u0442\u0438\u0447\u043d\u044b\u0435 \u0437\u0432\u0443\u043a\u0438.<\/p>\n","protected":false},"excerpt":{"rendered":"<p>\u0412\u043e\u0437\u0440\u0430\u0441\u0442: 3+ \u0433\u043e\u0434\u0430<\/p>\n<p>\u0414\u043b\u0438\u043d\u0430: ~40 \u0441\u043c<\/p>\n<p>\u0411\u0430\u0442\u0430\u0440\u0435\u0439\u043a\u0438: 3 x AA (\u043d\u0435 \u043f\u0440\u0438\u043b\u0430\u0433\u0430\u044e\u0442\u0441\u044f)<\/p>\n<p><span style=\"color: #339966;\"><strong>\u0411\u0435\u0441\u043f\u043b\u0430\u0442\u043d\u0430\u044f \u0434\u043e\u0441\u0442\u0430\u0432\u043a\u0430!<\/strong><\/span><\/p>\n","protected":false},"featured_media":72026,"template":"","meta":[],"product_cat":[412,416],"product_tag":[],"class_list":{"0":"post-72346","1":"product","2":"type-product","3":"status-publish","4":"has-post-thumbnail","6":"product_cat-412","7":"product_cat-416","9":"first","10":"outofstock","11":"shipping-taxable","12":"purchasable","13":"product-type-simple"},"aioseo_notices":[],"_links":{"self":[{"href":"https:\/\/rotallieta.lv\/ru\/wp-json\/wp\/v2\/product\/72346","targetHints":{"allow":["GET"]}}],"collection":[{"href":"https:\/\/rotallieta.lv\/ru\/wp-json\/wp\/v2\/product"}],"about":[{"href":"https:\/\/rotallieta.lv\/ru\/wp-json\/wp\/v2\/types\/product"}],"wp:featuredmedia":[{"embeddable":true,"href":"https:\/\/rotallieta.lv\/ru\/wp-json\/wp\/v2\/media\/72026"}],"wp:attachment":[{"href":"https:\/\/rotallieta.lv\/ru\/wp-json\/wp\/v2\/media?parent=72346"}],"wp:term":[{"taxonomy":"product_cat","embeddable":true,"href":"https:\/\/rotallieta.lv\/ru\/wp-json\/wp\/v2\/product_cat?post=72346"},{"taxonomy":"product_tag","embeddable":true,"href":"https:\/\/rotallieta.lv\/ru\/wp-json\/wp\/v2\/product_tag?post=72346"}],"curies":[{"name":"wp","href":"https:\/\/api.w.org\/{rel}","templated":true}]}}