{"id":72369,"date":"2023-11-11T12:29:08","date_gmt":"2023-11-11T12:29:08","guid":{"rendered":"https:\/\/rotallieta.lv\/?post_type=product&#038;p=72369"},"modified":"2023-12-05T12:34:59","modified_gmt":"2023-12-05T12:34:59","slug":"%d0%bd%d0%b0%d0%b1%d0%be%d1%80-%d0%b8%d0%b3%d1%80-chess-games-3in1","status":"publish","type":"product","link":"https:\/\/rotallieta.lv\/ru\/first\/%d0%bd%d0%b0%d0%b1%d0%be%d1%80-%d0%b8%d0%b3%d1%80-chess-games-3in1\/","title":{"rendered":"\u041d\u0430\u0431\u043e\u0440 \u0438\u0433\u0440 Chess Games 3in1"},"content":{"rendered":"<p><iframe title=\"\u0160ahu sp\u0113le 3 vien\u0101 - Chess games 3in1\" width=\"500\" height=\"281\" src=\"https:\/\/www.youtube.com\/embed\/puxw3JT0VSQ?feature=oembed\" frameborder=\"0\" allow=\"accelerometer; autoplay; clipboard-write; encrypted-media; gyroscope; picture-in-picture; web-share\" referrerpolicy=\"strict-origin-when-cross-origin\" allowfullscreen><\/iframe><\/p>\n<p>\u041d\u0430\u0441\u0442\u043e\u043b\u044c\u043d\u0430\u044f \u0438\u0433\u0440\u0430 \u0442\u0440\u0438 \u0432 \u043e\u0434\u043d\u043e\u043c. \u0428\u0430\u0448\u043a\u0438, \u0448\u0430\u0445\u043c\u0430\u0442\u044b \u0438 \u043d\u0430\u0440\u0434\u044b. \u0418\u043d\u0442\u0435\u0440\u0435\u0441\u043d\u043e\u0435 \u0437\u0430\u043d\u044f\u0442\u0438\u0435 \u0434\u043b\u044f \u0434\u0435\u0442\u0435\u0439 \u0437\u0430 \u0441\u043a\u0440\u043e\u043c\u043d\u044b\u0435 \u0434\u0435\u043d\u044c\u0433\u0438!<\/p>\n","protected":false},"excerpt":{"rendered":"<p>\u0412\u043e\u0437\u0440\u0430\u0441\u0442: 3+ \u0433\u043e\u0434\u0430<\/p>\n<p><span style=\"color: #339966;\"><strong>\u0411\u0435\u0441\u043f\u043b\u0430\u0442\u043d\u0430\u044f \u0434\u043e\u0441\u0442\u0430\u0432\u043a\u0430!<\/strong><\/span><\/p>\n","protected":false},"featured_media":69752,"template":"","meta":[],"product_cat":[454,456],"product_tag":[],"class_list":{"0":"post-72369","1":"product","2":"type-product","3":"status-publish","4":"has-post-thumbnail","6":"product_cat-454","7":"product_cat-456","9":"first","10":"instock","11":"shipping-taxable","12":"purchasable","13":"product-type-simple"},"aioseo_notices":[],"_links":{"self":[{"href":"https:\/\/rotallieta.lv\/ru\/wp-json\/wp\/v2\/product\/72369","targetHints":{"allow":["GET"]}}],"collection":[{"href":"https:\/\/rotallieta.lv\/ru\/wp-json\/wp\/v2\/product"}],"about":[{"href":"https:\/\/rotallieta.lv\/ru\/wp-json\/wp\/v2\/types\/product"}],"wp:featuredmedia":[{"embeddable":true,"href":"https:\/\/rotallieta.lv\/ru\/wp-json\/wp\/v2\/media\/69752"}],"wp:attachment":[{"href":"https:\/\/rotallieta.lv\/ru\/wp-json\/wp\/v2\/media?parent=72369"}],"wp:term":[{"taxonomy":"product_cat","embeddable":true,"href":"https:\/\/rotallieta.lv\/ru\/wp-json\/wp\/v2\/product_cat?post=72369"},{"taxonomy":"product_tag","embeddable":true,"href":"https:\/\/rotallieta.lv\/ru\/wp-json\/wp\/v2\/product_tag?post=72369"}],"curies":[{"name":"wp","href":"https:\/\/api.w.org\/{rel}","templated":true}]}}