{"id":72381,"date":"2023-11-11T12:51:20","date_gmt":"2023-11-11T12:51:20","guid":{"rendered":"https:\/\/rotallieta.lv\/?post_type=product&#038;p=72381"},"modified":"2023-12-05T09:27:16","modified_gmt":"2023-12-05T09:27:16","slug":"%d0%bd%d0%b0%d0%b1%d0%be%d1%80-%d0%bf%d1%80%d0%be%d1%82%d0%b8%d0%b2%d0%be%d0%bf%d0%be%d0%b6%d0%b0%d1%80%d0%bd%d0%be%d0%b9-%d1%82%d0%b5%d1%85%d0%bd%d0%b8%d0%ba%d0%b8-the-fire-engine-truck","status":"publish","type":"product","link":"https:\/\/rotallieta.lv\/ru\/first\/%d0%bd%d0%b0%d0%b1%d0%be%d1%80-%d0%bf%d1%80%d0%be%d1%82%d0%b8%d0%b2%d0%be%d0%bf%d0%be%d0%b6%d0%b0%d1%80%d0%bd%d0%be%d0%b9-%d1%82%d0%b5%d1%85%d0%bd%d0%b8%d0%ba%d0%b8-the-fire-engine-truck\/","title":{"rendered":"\u041d\u0430\u0431\u043e\u0440 \u043f\u0440\u043e\u0442\u0438\u0432\u043e\u043f\u043e\u0436\u0430\u0440\u043d\u043e\u0439 \u0442\u0435\u0445\u043d\u0438\u043a\u0438 The Fire Engine Truck"},"content":{"rendered":"<p><iframe title=\"Ugunsdz\u0113s\u0113ja rota\u013cu komplekts z\u0113niem - The fire engine truck set\" width=\"500\" height=\"281\" src=\"https:\/\/www.youtube.com\/embed\/8N0ayZRt04E?feature=oembed\" frameborder=\"0\" allow=\"accelerometer; autoplay; clipboard-write; encrypted-media; gyroscope; picture-in-picture; web-share\" referrerpolicy=\"strict-origin-when-cross-origin\" allowfullscreen><\/iframe><\/p>\n<p>\u0421 \u044d\u0442\u0438\u043c \u043d\u0430\u0431\u043e\u0440\u043e\u043c \u043d\u0435 \u0441\u043b\u043e\u0436\u043d\u043e \u0441\u043e\u0437\u0434\u0430\u0442\u044c \u0443\u044e\u0442\u043d\u044b\u0439 \u0443\u0433\u043e\u043b\u043e\u043a \u0434\u043b\u044f \u043f\u0440\u0438\u044f\u0442\u043d\u043e\u0439 \u0438\u0433\u0440\u044b. \u0422\u0435\u043f\u0435\u0440\u044c \u0434\u0435\u0442\u0441\u043a\u043e\u0439 \u0444\u0430\u043d\u0442\u0430\u0437\u0438\u0438 \u0435\u0441\u0442\u044c \u0433\u0434\u0435 \u0440\u0430\u0437\u0433\u0443\u043b\u044f\u0442\u044c\u0441\u044f! 6 \u0440\u0430\u0437\u043b\u0438\u0447\u043d\u044b\u0445 \u043c\u0430\u0448\u0438\u043d\u043e\u043a \u0438 \u044f\u0440\u043a\u0438\u0439 \u043a\u043e\u0432\u0440\u0438\u043a-\u0433\u043e\u0440\u043e\u0434 \u0441\u043f\u043e\u0441\u043e\u0431\u043d\u044b \u0443\u0432\u043b\u0435\u0447\u044c \u043b\u044e\u0431\u043e\u0433\u043e \u044e\u043d\u043e\u0433\u043e \u043f\u043e\u0436\u0430\u0440\u043d\u043e\u0433\u043e!<\/p>\n","protected":false},"excerpt":{"rendered":"<p>\u0412\u043e\u0437\u0440\u0430\u0441\u0442: 3+ \u0433\u043e\u0434\u0430<\/p>\n<p>\u0412 \u043a\u043e\u043c\u043f\u043b\u0435\u043a\u0442\u0435 6 \u043c\u043e\u0434\u0435\u043b\u0435\u043a \u0438 \u043a\u043e\u0432\u0440\u0438\u043a<\/p>\n<p><span style=\"color: #339966;\"><strong>\u0411\u0435\u0441\u043f\u043b\u0430\u0442\u043d\u0430\u044f \u0434\u043e\u0441\u0442\u0430\u0432\u043a\u0430!<\/strong><\/span><\/p>\n","protected":false},"featured_media":102692,"template":"","meta":[],"product_cat":[446,450,443],"product_tag":[],"class_list":{"0":"post-72381","1":"product","2":"type-product","3":"status-publish","4":"has-post-thumbnail","6":"product_cat-446","7":"product_cat-450","8":"product_cat-443","10":"first","11":"instock","12":"shipping-taxable","13":"purchasable","14":"product-type-simple"},"aioseo_notices":[],"_links":{"self":[{"href":"https:\/\/rotallieta.lv\/ru\/wp-json\/wp\/v2\/product\/72381","targetHints":{"allow":["GET"]}}],"collection":[{"href":"https:\/\/rotallieta.lv\/ru\/wp-json\/wp\/v2\/product"}],"about":[{"href":"https:\/\/rotallieta.lv\/ru\/wp-json\/wp\/v2\/types\/product"}],"wp:featuredmedia":[{"embeddable":true,"href":"https:\/\/rotallieta.lv\/ru\/wp-json\/wp\/v2\/media\/102692"}],"wp:attachment":[{"href":"https:\/\/rotallieta.lv\/ru\/wp-json\/wp\/v2\/media?parent=72381"}],"wp:term":[{"taxonomy":"product_cat","embeddable":true,"href":"https:\/\/rotallieta.lv\/ru\/wp-json\/wp\/v2\/product_cat?post=72381"},{"taxonomy":"product_tag","embeddable":true,"href":"https:\/\/rotallieta.lv\/ru\/wp-json\/wp\/v2\/product_tag?post=72381"}],"curies":[{"name":"wp","href":"https:\/\/api.w.org\/{rel}","templated":true}]}}