{"id":72428,"date":"2023-11-11T15:36:12","date_gmt":"2023-11-11T15:36:12","guid":{"rendered":"https:\/\/rotallieta.lv\/?post_type=product&#038;p=72428"},"modified":"2025-03-26T01:06:50","modified_gmt":"2025-03-26T01:06:50","slug":"%d0%b8%d0%b3%d1%80%d1%83%d1%88%d0%b5%d1%87%d0%bd%d0%b0%d1%8f-%d0%bc%d0%b0%d1%88%d0%b8%d0%bd%d0%b0-%d1%81-%d0%b8%d0%bd%d0%b5%d1%80%d1%86%d0%b8%d0%be%d0%bd%d0%bd%d1%8b%d0%bc-%d0%bc%d0%b5%d1%85%d0%b0","status":"publish","type":"product","link":"https:\/\/rotallieta.lv\/ru\/first\/%d0%b8%d0%b3%d1%80%d1%83%d1%88%d0%b5%d1%87%d0%bd%d0%b0%d1%8f-%d0%bc%d0%b0%d1%88%d0%b8%d0%bd%d0%b0-%d1%81-%d0%b8%d0%bd%d0%b5%d1%80%d1%86%d0%b8%d0%be%d0%bd%d0%bd%d1%8b%d0%bc-%d0%bc%d0%b5%d1%85%d0%b0\/","title":{"rendered":"\u0418\u0433\u0440\u0443\u0448\u0435\u0447\u043d\u0430\u044f \u043c\u0430\u0448\u0438\u043d\u0430 \u0441 \u0438\u043d\u0435\u0440\u0446\u0438\u043e\u043d\u043d\u044b\u043c \u043c\u0435\u0445\u0430\u043d\u0438\u0437\u043c\u043e\u043c 1\/18 Like Mercedes"},"content":{"rendered":"<p><iframe title=\"Rota\u013cu ma\u0161\u012bna ar inerces meh\u0101nismu 1 18 Like Mercedes\" width=\"500\" height=\"281\" src=\"https:\/\/www.youtube.com\/embed\/7Ls_7sDVM5g?feature=oembed\" frameborder=\"0\" allow=\"accelerometer; autoplay; clipboard-write; encrypted-media; gyroscope; picture-in-picture; web-share\" referrerpolicy=\"strict-origin-when-cross-origin\" allowfullscreen><\/iframe><\/p>\n<p>\u041f\u043b\u0430\u0441\u0442\u043c\u0430\u0441\u0441\u043e\u0432\u0430\u044f \u043c\u0430\u0448\u0438\u043d\u043a\u0430 \u043f\u043e\u0445\u043e\u0436\u0430\u044f \u043d\u0430 \u043c\u0435\u0440\u0441\u0435\u0434\u0435\u0441. \u0418\u0433\u0440\u0443\u0448\u043a\u0430 \u0438\u043c\u0435\u0435\u0442 \u0438\u043d\u0435\u0440\u0446\u0438\u043e\u043d\u043d\u044b\u0439 \u043c\u0435\u0445\u0430\u043d\u0438\u0437\u043c \u2014 \u043c\u043e\u0436\u043d\u043e \u0437\u0430\u043f\u0443\u0441\u043a\u0430\u0442\u044c. \u041f\u0440\u0438\u043c\u0435\u0440\u043d\u044b\u0439 \u0440\u0430\u0437\u043c\u0435\u0440 24 \u0445 11 \u0441\u0430\u043d\u0442\u0438\u043c\u0435\u0442\u0440\u043e\u0432.<\/p>\n","protected":false},"excerpt":{"rendered":"<p>\u0412\u043e\u0437\u0440\u0430\u0441\u0442: 3+ \u0433\u043e\u0434\u0430<\/p>\n<p>\u041c\u0430\u0441\u0448\u0442\u0430\u0431: 1:18<\/p>\n<p><span style=\"color: #339966;\"><strong>\u0411\u0435\u0441\u043f\u043b\u0430\u0442\u043d\u0430\u044f \u0434\u043e\u0441\u0442\u0430\u0432\u043a\u0430!<\/strong><\/span><\/p>\n","protected":false},"featured_media":84597,"template":"","meta":[],"product_cat":[448,443],"product_tag":[],"class_list":{"0":"post-72428","1":"product","2":"type-product","3":"status-publish","4":"has-post-thumbnail","6":"product_cat-448","7":"product_cat-443","9":"first","10":"instock","11":"shipping-taxable","12":"purchasable","13":"product-type-simple"},"aioseo_notices":[],"_links":{"self":[{"href":"https:\/\/rotallieta.lv\/ru\/wp-json\/wp\/v2\/product\/72428","targetHints":{"allow":["GET"]}}],"collection":[{"href":"https:\/\/rotallieta.lv\/ru\/wp-json\/wp\/v2\/product"}],"about":[{"href":"https:\/\/rotallieta.lv\/ru\/wp-json\/wp\/v2\/types\/product"}],"wp:featuredmedia":[{"embeddable":true,"href":"https:\/\/rotallieta.lv\/ru\/wp-json\/wp\/v2\/media\/84597"}],"wp:attachment":[{"href":"https:\/\/rotallieta.lv\/ru\/wp-json\/wp\/v2\/media?parent=72428"}],"wp:term":[{"taxonomy":"product_cat","embeddable":true,"href":"https:\/\/rotallieta.lv\/ru\/wp-json\/wp\/v2\/product_cat?post=72428"},{"taxonomy":"product_tag","embeddable":true,"href":"https:\/\/rotallieta.lv\/ru\/wp-json\/wp\/v2\/product_tag?post=72428"}],"curies":[{"name":"wp","href":"https:\/\/api.w.org\/{rel}","templated":true}]}}