{"id":84488,"date":"2024-09-10T22:18:39","date_gmt":"2024-09-10T22:18:39","guid":{"rendered":"https:\/\/rotallieta.lv\/?post_type=product&#038;p=84488"},"modified":"2026-03-08T03:50:09","modified_gmt":"2026-03-08T03:50:09","slug":"%d0%b1%d0%be%d0%bb%d1%8c%d1%88%d0%be%d0%b9-%d0%b4%d0%b5%d1%82%d1%81%d0%ba%d0%b8%d0%b9-%d0%bc%d1%8f%d0%b3%d0%ba%d0%b8%d0%b9-%d0%ba%d1%83%d0%b1%d0%b8%d0%ba","status":"publish","type":"product","link":"https:\/\/rotallieta.lv\/ru\/first\/%d0%b1%d0%be%d0%bb%d1%8c%d1%88%d0%be%d0%b9-%d0%b4%d0%b5%d1%82%d1%81%d0%ba%d0%b8%d0%b9-%d0%bc%d1%8f%d0%b3%d0%ba%d0%b8%d0%b9-%d0%ba%d1%83%d0%b1%d0%b8%d0%ba\/","title":{"rendered":"\u0411\u043e\u043b\u044c\u0448\u043e\u0439 \u0434\u0435\u0442\u0441\u043a\u0438\u0439 \u043c\u044f\u0433\u043a\u0438\u0439 \u043a\u0443\u0431\u0438\u043a"},"content":{"rendered":"<p><iframe title=\"Lielais b\u0113rnu metamais kauli\u0146\u0161\" width=\"500\" height=\"281\" src=\"https:\/\/www.youtube.com\/embed\/teIoULB4uFQ?feature=oembed\" frameborder=\"0\" allow=\"accelerometer; autoplay; clipboard-write; encrypted-media; gyroscope; picture-in-picture; web-share\" referrerpolicy=\"strict-origin-when-cross-origin\" allowfullscreen><\/iframe><\/p>\n<p>\u0411\u043e\u043b\u044c\u0448\u043e\u0439 \u043c\u044f\u0433\u043a\u0438\u0439 \u043a\u0443\u0431\u0438\u043a (\u0438\u0433\u0440\u0430\u043b\u044c\u043d\u0430\u044f \u043a\u043e\u0441\u0442\u044c) \u0436\u0435\u043b\u0442\u043e\u0433\u043e \u0446\u0432\u0435\u0442\u0430. \u041e\u0442\u043b\u0438\u0447\u043d\u043e \u043f\u043e\u0434\u0445\u043e\u0434\u0438\u0442 \u0434\u043b\u044f \u043a\u043e\u043b\u043b\u0435\u043a\u0442\u0438\u0432\u043d\u043e\u0439 \u0438\u0433\u0440\u044b \u0432 \u0434\u0435\u0442\u0441\u043a\u043e\u043c \u0441\u0430\u0434\u0443, \u043b\u0438\u0431\u043e \u043d\u0430 \u0443\u043b\u0438\u0446\u0435. \u041b\u0435\u0433\u043a\u0438\u0439 \u0432\u0435\u0441 \u0438 \u0431\u0435\u0437\u043e\u043f\u0430\u0441\u043d\u043e\u0441\u0442\u044c \u0438\u0433\u0440\u044b \u0432 \u043f\u0440\u0438\u043e\u0440\u0438\u0442\u0435\u0442\u0435!<\/p>\n","protected":false},"excerpt":{"rendered":"<p>\u0412\u043e\u0437\u0440\u0430\u0441\u0442: 3+\u0433\u043e\u0434\u0430<\/p>\n<p>\u0420\u0430\u0437\u043c\u0435\u0440: ~15,5 x 15,5 \u0441\u043c<\/p>\n<p><strong><span style=\"color: #339966;\">\u0411\u0435\u0441\u043f\u043b\u0430\u0442\u043d\u0430\u044f \u0434\u043e\u0441\u0442\u0430\u0432\u043a\u0430!<\/span><\/strong><\/p>\n","protected":false},"featured_media":84236,"template":"","meta":[],"product_cat":[406,454],"product_tag":[],"class_list":{"0":"post-84488","1":"product","2":"type-product","3":"status-publish","4":"has-post-thumbnail","6":"product_cat-406","7":"product_cat-454","9":"first","10":"outofstock","11":"shipping-taxable","12":"purchasable","13":"product-type-simple"},"aioseo_notices":[],"_links":{"self":[{"href":"https:\/\/rotallieta.lv\/ru\/wp-json\/wp\/v2\/product\/84488","targetHints":{"allow":["GET"]}}],"collection":[{"href":"https:\/\/rotallieta.lv\/ru\/wp-json\/wp\/v2\/product"}],"about":[{"href":"https:\/\/rotallieta.lv\/ru\/wp-json\/wp\/v2\/types\/product"}],"wp:featuredmedia":[{"embeddable":true,"href":"https:\/\/rotallieta.lv\/ru\/wp-json\/wp\/v2\/media\/84236"}],"wp:attachment":[{"href":"https:\/\/rotallieta.lv\/ru\/wp-json\/wp\/v2\/media?parent=84488"}],"wp:term":[{"taxonomy":"product_cat","embeddable":true,"href":"https:\/\/rotallieta.lv\/ru\/wp-json\/wp\/v2\/product_cat?post=84488"},{"taxonomy":"product_tag","embeddable":true,"href":"https:\/\/rotallieta.lv\/ru\/wp-json\/wp\/v2\/product_tag?post=84488"}],"curies":[{"name":"wp","href":"https:\/\/api.w.org\/{rel}","templated":true}]}}