{"id":87798,"date":"2024-11-21T00:50:11","date_gmt":"2024-11-21T00:50:11","guid":{"rendered":"https:\/\/rotallieta.lv\/?post_type=product&#038;p=87798"},"modified":"2025-04-09T01:50:19","modified_gmt":"2025-04-09T01:50:19","slug":"%d1%82%d0%b0%d0%bd%d1%86%d1%83%d1%8e%d1%89%d0%b8%d0%b9-%d0%b4%d0%b5%d0%b4-%d0%bc%d0%be%d1%80%d0%be%d0%b7-dancing-santa","status":"publish","type":"product","link":"https:\/\/rotallieta.lv\/ru\/first\/%d1%82%d0%b0%d0%bd%d1%86%d1%83%d1%8e%d1%89%d0%b8%d0%b9-%d0%b4%d0%b5%d0%b4-%d0%bc%d0%be%d1%80%d0%be%d0%b7-dancing-santa\/","title":{"rendered":"\u0422\u0430\u043d\u0446\u0443\u044e\u0449\u0438\u0439 \u0414\u0435\u0434 \u041c\u043e\u0440\u043e\u0437 Dancing Santa"},"content":{"rendered":"<p><iframe title=\"Dejojo\u0161ais Ziemassv\u0113tku vec\u012btis Dancing Santa Toy\" width=\"500\" height=\"281\" src=\"https:\/\/www.youtube.com\/embed\/c_koFRbdNuA?feature=oembed\" frameborder=\"0\" allow=\"accelerometer; autoplay; clipboard-write; encrypted-media; gyroscope; picture-in-picture; web-share\" referrerpolicy=\"strict-origin-when-cross-origin\" allowfullscreen><\/iframe><\/p>\n<p>Dancing Santa \u2014 \u043d\u0435 \u0442\u043e\u043b\u044c\u043a\u043e \u0438\u0433\u0440\u0443\u0448\u043a\u0430, \u043d\u043e \u0438 \u043a\u0440\u0430\u0441\u0438\u0432\u044b\u0439 \u044d\u043b\u0435\u043c\u0435\u043d\u0442 \u0434\u0435\u043a\u043e\u0440\u0430. \u0418\u0433\u0440\u0443\u0448\u043a\u0430 \u0438\u043c\u0435\u0435\u0442 \u0437\u0432\u0443\u043a\u043e\u0432\u044b\u0435 \u0438 \u0441\u0432\u0435\u0442\u043e\u0432\u044b\u0435 \u044d\u0444\u0444\u0435\u043a\u0442\u044b, \u0441\u043f\u043e\u0441\u043e\u0431\u043d\u0430 \u0440\u0430\u0437\u0432\u043b\u0435\u0447\u044c \u0434\u0435\u0442\u0435\u0439 \u0438 \u0437\u0430\u0441\u0442\u0430\u0432\u0438\u0442\u044c \u0438\u0445 \u043d\u0435\u043c\u043d\u043e\u0433\u043e \u043f\u043e\u0442\u0430\u043d\u0446\u0435\u0432\u0430\u0442\u044c!<\/p>\n","protected":false},"excerpt":{"rendered":"<p>\u0412\u043e\u0437\u0440\u0430\u0441\u0442: 3+ \u0433\u043e\u0434\u0430<\/p>\n<p>\u0420\u0430\u0437\u043c\u0435\u0440: ~20 \u0445 19 \u0441\u043c<\/p>\n<p>\u0411\u0430\u0442\u0430\u0440\u0435\u0439\u043a\u0438: 3 \u0445 \u0410\u0410 (\u043d\u0435 \u043f\u0440\u0438\u043b\u0430\u0433\u0430\u044e\u0442\u0441\u044f)<\/p>\n<p><strong><span style=\"color: #339966;\">\u0411\u0435\u0441\u043f\u043b\u0430\u0442\u043d\u0430\u044f \u0434\u043e\u0441\u0442\u0430\u0432\u043a\u0430!<\/span><\/strong><\/p>\n","protected":false},"featured_media":87635,"template":"","meta":[],"product_cat":[410],"product_tag":[],"class_list":{"0":"post-87798","1":"product","2":"type-product","3":"status-publish","4":"has-post-thumbnail","6":"product_cat-410","8":"first","9":"instock","10":"shipping-taxable","11":"purchasable","12":"product-type-simple"},"aioseo_notices":[],"_links":{"self":[{"href":"https:\/\/rotallieta.lv\/ru\/wp-json\/wp\/v2\/product\/87798","targetHints":{"allow":["GET"]}}],"collection":[{"href":"https:\/\/rotallieta.lv\/ru\/wp-json\/wp\/v2\/product"}],"about":[{"href":"https:\/\/rotallieta.lv\/ru\/wp-json\/wp\/v2\/types\/product"}],"wp:featuredmedia":[{"embeddable":true,"href":"https:\/\/rotallieta.lv\/ru\/wp-json\/wp\/v2\/media\/87635"}],"wp:attachment":[{"href":"https:\/\/rotallieta.lv\/ru\/wp-json\/wp\/v2\/media?parent=87798"}],"wp:term":[{"taxonomy":"product_cat","embeddable":true,"href":"https:\/\/rotallieta.lv\/ru\/wp-json\/wp\/v2\/product_cat?post=87798"},{"taxonomy":"product_tag","embeddable":true,"href":"https:\/\/rotallieta.lv\/ru\/wp-json\/wp\/v2\/product_tag?post=87798"}],"curies":[{"name":"wp","href":"https:\/\/api.w.org\/{rel}","templated":true}]}}