{"id":94105,"date":"2025-02-22T00:09:42","date_gmt":"2025-02-22T00:09:42","guid":{"rendered":"https:\/\/rotallieta.lv\/?post_type=product&#038;p=94105"},"modified":"2025-04-23T23:34:08","modified_gmt":"2025-04-23T23:34:08","slug":"%d1%84%d0%b8%d0%b3%d1%83%d1%80%d0%ba%d0%b0-%d0%bc%d0%b8%d0%bd%d1%8c%d0%be%d0%bd-bob-dragon-head-mattel-gmd90-gnr50","status":"publish","type":"product","link":"https:\/\/rotallieta.lv\/ru\/first\/%d1%84%d0%b8%d0%b3%d1%83%d1%80%d0%ba%d0%b0-%d0%bc%d0%b8%d0%bd%d1%8c%d0%be%d0%bd-bob-dragon-head-mattel-gmd90-gnr50\/","title":{"rendered":"\u0424\u0438\u0433\u0443\u0440\u043a\u0430 \u043c\u0438\u043d\u044c\u043e\u043d BOB Dragon Head Mattel GMD90 GNR50"},"content":{"rendered":"<p><iframe title=\"Minions fig\u016bri\u0146a, rota\u013clieta BOB, KEVIN, STUART - Mattel toys GMD90\" width=\"500\" height=\"281\" src=\"https:\/\/www.youtube.com\/embed\/TyjbrLn17XY?feature=oembed\" frameborder=\"0\" allow=\"accelerometer; autoplay; clipboard-write; encrypted-media; gyroscope; picture-in-picture; web-share\" referrerpolicy=\"strict-origin-when-cross-origin\" allowfullscreen><\/iframe><\/p>\n<p>\u0417\u0430\u0431\u0430\u0432\u043d\u0430\u044f \u0432\u0435\u0440\u0441\u0438\u044f \u0438\u0433\u0440\u0443\u0448\u0435\u0447\u043d\u043e\u0433\u043e \u043c\u0438\u043d\u044c\u043e\u043d\u0430 \u0411\u043e\u0431\u0430 \u0432 \u043a\u043e\u0441\u0442\u044e\u043c\u0435 \u0434\u0440\u0430\u043a\u043e\u043d\u0430. \u041a \u0438\u0433\u0440\u043e\u0432\u043e\u043c\u0443 \u043d\u0430\u0431\u043e\u0440\u0443 \u043f\u0440\u0438\u043b\u0430\u0433\u0430\u0435\u0442\u0441\u044f \u043b\u044e\u0431\u0438\u043c\u0430\u044f \u0438\u0433\u0440\u0443\u0448\u043a\u0430 \u0411\u043e\u0431\u0430 \u2014 \u043f\u043b\u044e\u0448\u0435\u0432\u044b\u0439 \u043c\u0438\u0448\u043a\u0430.<\/p>\n","protected":false},"excerpt":{"rendered":"<p>\u0412\u043e\u0437\u0440\u0430\u0441\u0442: 4+ \u0433\u043e\u0434\u0430<\/p>\n<p>\u0412\u044b\u0441\u043e\u0442\u0430: ~10 \u0441\u043c<\/p>\n<p><span style=\"color: #339966;\"><strong>\u0411\u0435\u0441\u043f\u043b\u0430\u0442\u043d\u0430\u044f \u0434\u043e\u0441\u0442\u0430\u0432\u043a\u0430!<\/strong><\/span><\/p>\n","protected":false},"featured_media":93980,"template":"","meta":[],"product_cat":[426,428],"product_tag":[],"class_list":{"0":"post-94105","1":"product","2":"type-product","3":"status-publish","4":"has-post-thumbnail","6":"product_cat-426","7":"product_cat-428","9":"first","10":"instock","11":"shipping-taxable","12":"purchasable","13":"product-type-simple"},"aioseo_notices":[],"_links":{"self":[{"href":"https:\/\/rotallieta.lv\/ru\/wp-json\/wp\/v2\/product\/94105","targetHints":{"allow":["GET"]}}],"collection":[{"href":"https:\/\/rotallieta.lv\/ru\/wp-json\/wp\/v2\/product"}],"about":[{"href":"https:\/\/rotallieta.lv\/ru\/wp-json\/wp\/v2\/types\/product"}],"wp:featuredmedia":[{"embeddable":true,"href":"https:\/\/rotallieta.lv\/ru\/wp-json\/wp\/v2\/media\/93980"}],"wp:attachment":[{"href":"https:\/\/rotallieta.lv\/ru\/wp-json\/wp\/v2\/media?parent=94105"}],"wp:term":[{"taxonomy":"product_cat","embeddable":true,"href":"https:\/\/rotallieta.lv\/ru\/wp-json\/wp\/v2\/product_cat?post=94105"},{"taxonomy":"product_tag","embeddable":true,"href":"https:\/\/rotallieta.lv\/ru\/wp-json\/wp\/v2\/product_tag?post=94105"}],"curies":[{"name":"wp","href":"https:\/\/api.w.org\/{rel}","templated":true}]}}