{"id":97983,"date":"2025-05-22T11:34:33","date_gmt":"2025-05-22T11:34:33","guid":{"rendered":"https:\/\/rotallieta.lv\/?post_type=product&#038;p=97983"},"modified":"2026-02-26T20:06:02","modified_gmt":"2026-02-26T20:06:02","slug":"audi-a4-b5-avant-1995-red-%d0%bc%d0%be%d0%b4%d0%b5%d0%bb%d1%8c-%d0%b0%d0%b2%d1%82%d0%be%d0%bc%d0%be%d0%b1%d0%b8%d0%bb%d1%8f-143-maxichamps","status":"publish","type":"product","link":"https:\/\/rotallieta.lv\/ru\/first\/audi-a4-b5-avant-1995-red-%d0%bc%d0%be%d0%b4%d0%b5%d0%bb%d1%8c-%d0%b0%d0%b2%d1%82%d0%be%d0%bc%d0%be%d0%b1%d0%b8%d0%bb%d1%8f-143-maxichamps\/","title":{"rendered":"Audi A4 B5 Avant 1995 Red \u043c\u043e\u0434\u0435\u043b\u044c \u0430\u0432\u0442\u043e\u043c\u043e\u0431\u0438\u043b\u044f 1:43 Maxichamps"},"content":{"rendered":"<blockquote class=\"tiktok-embed\" cite=\"https:\/\/www.tiktok.com\/@rotallieta.lv\/video\/7508016517183737110\" data-video-id=\"7508016517183737110\" data-embed-from=\"oembed\" style=\"max-width:605px; min-width:325px;\">\n<section> <a target=\"_blank\" title=\"@rotallieta.lv\" href=\"https:\/\/www.tiktok.com\/@rotallieta.lv?refer=embed\">@rotallieta.lv<\/a> <\/p>\n<p>\u0160\u012b video tap\u0161an\u0101 man \u013coti pal\u012bdz\u0113ja jaun\u0101kais d\u0113ls. Vi\u0146\u0161 \u013coti cent\u0101s \ud83d\ude05, bet \u012bstais pl\u0101ns bija no\u010diept k\u0101du no model\u012b\u0161iem \ud83e\udd77\ud83c\udffc <a title=\"automodel\u012btis\" target=\"_blank\" href=\"https:\/\/www.tiktok.com\/tag\/automodel%C4%ABtis?refer=embed\">#automodel\u012btis<\/a> <a title=\"scalemodel\" target=\"_blank\" href=\"https:\/\/www.tiktok.com\/tag\/scalemodel?refer=embed\">#scalemodel<\/a> <a title=\"ma\u0161\u012bna\" target=\"_blank\" href=\"https:\/\/www.tiktok.com\/tag\/ma%C5%A1%C4%ABna?refer=embed\">#ma\u0161\u012bna<\/a> <a title=\"auto\" target=\"_blank\" href=\"https:\/\/www.tiktok.com\/tag\/auto?refer=embed\">#auto<\/a> <a title=\"audiavant\" target=\"_blank\" href=\"https:\/\/www.tiktok.com\/tag\/audiavant?refer=embed\">#audiavant<\/a> <a title=\"audi100\" target=\"_blank\" href=\"https:\/\/www.tiktok.com\/tag\/audi100?refer=embed\">#audi100<\/a> <a title=\"audi100c3\" target=\"_blank\" href=\"https:\/\/www.tiktok.com\/tag\/audi100c3?refer=embed\">#audi100c3<\/a> <a title=\"audia4b5\" target=\"_blank\" href=\"https:\/\/www.tiktok.com\/tag\/audia4b5?refer=embed\">#audia4b5<\/a> <a title=\"avant\" target=\"_blank\" href=\"https:\/\/www.tiktok.com\/tag\/avant?refer=embed\">#avant<\/a> <a title=\"rotallietalv\" target=\"_blank\" href=\"https:\/\/www.tiktok.com\/tag\/rotallietalv?refer=embed\">#rotallietalv<\/a> <a title=\"jaunspievedums\" target=\"_blank\" href=\"https:\/\/www.tiktok.com\/tag\/jaunspievedums?refer=embed\">#jaunspievedums<\/a> <a title=\"jaunsauto\" target=\"_blank\" href=\"https:\/\/www.tiktok.com\/tag\/jaunsauto?refer=embed\">#jaunsauto<\/a> <\/p>\n<p> <a target=\"_blank\" title=\"\u266c Never  Alone - 2 Brothers On The 4th Floor\" href=\"https:\/\/www.tiktok.com\/music\/Never-Alone-6893953615854045185?refer=embed\">\u266c Never  Alone &#8211; 2 Brothers On The 4th Floor<\/a> <\/section>\n<\/blockquote>\n<p> <script async src=\"https:\/\/www.tiktok.com\/embed.js\"><\/script><\/p>\n<p>\u041a\u043e\u043b\u043b\u0435\u043a\u0446\u0438\u043e\u043d\u043d\u0430\u044f \u043c\u0435\u0442\u0430\u043b\u043b\u0438\u0447\u0435\u0441\u043a\u0430\u044f \u043c\u043e\u0434\u0435\u043b\u044c Audi A4 \u0432 \u043a\u0443\u0437\u043e\u0432\u0435 B5, \u0443\u043d\u0438\u0432\u0435\u0440\u0441\u0430\u043b. \u0410\u0432\u0442\u043e\u043c\u043e\u0431\u0438\u043b\u044c \u043d\u0435 \u0438\u043c\u0435\u0435\u0442 \u043e\u0442\u043a\u0440\u044b\u0432\u0430\u044e\u0449\u0438\u0445\u0441\u044f \u044d\u043b\u0435\u043c\u0435\u043d\u0442\u043e\u0432, \u043f\u0440\u0435\u0434\u0441\u0442\u0430\u0432\u043b\u0435\u043d \u0432 \u043c\u0430\u0441\u0448\u0442\u0430\u0431\u0435 1 \u043a 43.<\/p>\n","protected":false},"excerpt":{"rendered":"<p>\u0412\u043e\u0437\u0440\u0430\u0441\u0442: 14+ \u043b\u0435\u0442<\/p>\n<p>\u041c\u0430\u0441\u0448\u0442\u0430\u0431: 1\/43<\/p>\n<p><strong><span style=\"color: #339966;\">\u0411\u0435\u0441\u043f\u043b\u0430\u0442\u043d\u0430\u044f \u0434\u043e\u0441\u0442\u0430\u0432\u043a\u0430!<\/span><\/strong><\/p>\n","protected":false},"featured_media":98538,"template":"","meta":[],"product_cat":[448,443],"product_tag":[],"class_list":{"0":"post-97983","1":"product","2":"type-product","3":"status-publish","4":"has-post-thumbnail","6":"product_cat-448","7":"product_cat-443","8":"ts_product_brand-maxichamps-minichamps-ru","10":"first","11":"instock","12":"shipping-taxable","13":"purchasable","14":"product-type-simple"},"aioseo_notices":[],"_links":{"self":[{"href":"https:\/\/rotallieta.lv\/ru\/wp-json\/wp\/v2\/product\/97983","targetHints":{"allow":["GET"]}}],"collection":[{"href":"https:\/\/rotallieta.lv\/ru\/wp-json\/wp\/v2\/product"}],"about":[{"href":"https:\/\/rotallieta.lv\/ru\/wp-json\/wp\/v2\/types\/product"}],"wp:featuredmedia":[{"embeddable":true,"href":"https:\/\/rotallieta.lv\/ru\/wp-json\/wp\/v2\/media\/98538"}],"wp:attachment":[{"href":"https:\/\/rotallieta.lv\/ru\/wp-json\/wp\/v2\/media?parent=97983"}],"wp:term":[{"taxonomy":"product_cat","embeddable":true,"href":"https:\/\/rotallieta.lv\/ru\/wp-json\/wp\/v2\/product_cat?post=97983"},{"taxonomy":"product_tag","embeddable":true,"href":"https:\/\/rotallieta.lv\/ru\/wp-json\/wp\/v2\/product_tag?post=97983"}],"curies":[{"name":"wp","href":"https:\/\/api.w.org\/{rel}","templated":true}]}}