{"id":98670,"date":"2025-06-04T20:23:05","date_gmt":"2025-06-04T20:23:05","guid":{"rendered":"https:\/\/rotallieta.lv\/?post_type=product&#038;p=98670"},"modified":"2026-02-23T22:40:36","modified_gmt":"2026-02-23T22:40:36","slug":"%d0%b8%d0%b3%d1%80%d1%83%d1%88%d0%b5%d1%87%d0%bd%d0%b0%d1%8f-%d1%81%d1%82%d0%b8%d1%80%d0%b0%d0%bb%d1%8c%d0%bd%d0%b0%d1%8f-%d0%bc%d0%b0%d1%88%d0%b8%d0%bd%d0%b0-washing-machine-pink","status":"publish","type":"product","link":"https:\/\/rotallieta.lv\/ru\/first\/%d0%b8%d0%b3%d1%80%d1%83%d1%88%d0%b5%d1%87%d0%bd%d0%b0%d1%8f-%d1%81%d1%82%d0%b8%d1%80%d0%b0%d0%bb%d1%8c%d0%bd%d0%b0%d1%8f-%d0%bc%d0%b0%d1%88%d0%b8%d0%bd%d0%b0-washing-machine-pink\/","title":{"rendered":"\u0418\u0433\u0440\u0443\u0448\u0435\u0447\u043d\u0430\u044f \u0441\u0442\u0438\u0440\u0430\u043b\u044c\u043d\u0430\u044f \u043c\u0430\u0448\u0438\u043d\u0430 Washing machine Pink"},"content":{"rendered":"<p><iframe title=\"Rota\u013cu ve\u013cas mazg\u0101jam\u0101 ma\u0161\u012bna Washing machine Pink LD 885B\" width=\"500\" height=\"281\" src=\"https:\/\/www.youtube.com\/embed\/KP1rVGdrsgw?feature=oembed\" frameborder=\"0\" allow=\"accelerometer; autoplay; clipboard-write; encrypted-media; gyroscope; picture-in-picture; web-share\" referrerpolicy=\"strict-origin-when-cross-origin\" allowfullscreen><\/iframe><\/p>\n<p>\u041d\u0435\u0431\u043e\u043b\u044c\u0448\u0430\u044f \u0438\u0433\u0440\u0443\u0448\u0435\u0447\u043d\u0430\u044f \u0441\u0442\u0438\u0440\u0430\u043b\u044c\u043d\u0430\u044f \u043c\u0430\u0448\u0438\u043d\u0430 \u0441\u043e \u0437\u0432\u0443\u043a\u043e\u0432\u044b\u043c\u0438 \u044d\u0444\u0444\u0435\u043a\u0442\u0430\u043c\u0438. \u041c\u043e\u0436\u043d\u043e \u0432\u044b\u0431\u0440\u0430\u0442\u044c \u0440\u0435\u0436\u0438\u043c \u0441\u0442\u0438\u0440\u043a\u0438, \u0430 \u0442\u0430\u043a\u0436\u0435 \u0437\u0430\u0433\u0440\u0443\u0437\u0438\u0442\u044c \u0438\u0433\u0440\u0443\u0448\u0435\u0447\u043d\u0443\u044e \u043e\u0434\u0435\u0436\u0434\u0443 \u0432 \u0431\u0430\u0440\u0430\u0431\u0430\u043d. \u0412\u043e \u0432\u0440\u0435\u043c\u044f \u0440\u0430\u0431\u043e\u0442\u044b \u0441\u0442\u0438\u0440\u0430\u043b\u044c\u043d\u043e\u0439 \u043c\u0430\u0448\u0438\u043d\u044b \u0431\u0430\u0440\u0430\u0431\u0430\u043d \u0432\u0440\u0430\u0449\u0430\u0435\u0442\u0441\u044f, \u0447\u0442\u043e \u0434\u043e\u0431\u0430\u0432\u043b\u044f\u0435\u0442 \u0440\u0435\u0430\u043b\u0438\u0441\u0442\u0438\u0447\u043d\u043e\u0441\u0442\u0438 \u0432 \u0438\u0433\u0440\u0443.<\/p>\n","protected":false},"excerpt":{"rendered":"<p>\u0412\u043e\u0437\u0440\u0430\u0441\u0442: 3+ \u0433\u043e\u0434\u0430<\/p>\n<p>\u0420\u0430\u0437\u043c\u0435\u0440: ~22 \u0445 16,5 \u0445 12,5 \u0441\u043c<\/p>\n<p>\u0411\u0430\u0442\u0430\u0440\u0435\u0439\u043a\u0438: 3 \u0445 \u0410\u0410 (\u043f\u0440\u0438\u043b\u0430\u0433\u0430\u044e\u0442\u0441\u044f)<\/p>\n<p><span style=\"color: #339966;\"><strong>\u0411\u0435\u0441\u043f\u043b\u0430\u0442\u043d\u0430\u044f \u0434\u043e\u0441\u0442\u0430\u0432\u043a\u0430!<\/strong><\/span><\/p>\n","protected":false},"featured_media":98337,"template":"","meta":[],"product_cat":[410],"product_tag":[],"class_list":{"0":"post-98670","1":"product","2":"type-product","3":"status-publish","4":"has-post-thumbnail","6":"product_cat-410","8":"first","9":"instock","10":"shipping-taxable","11":"purchasable","12":"product-type-simple"},"aioseo_notices":[],"_links":{"self":[{"href":"https:\/\/rotallieta.lv\/ru\/wp-json\/wp\/v2\/product\/98670","targetHints":{"allow":["GET"]}}],"collection":[{"href":"https:\/\/rotallieta.lv\/ru\/wp-json\/wp\/v2\/product"}],"about":[{"href":"https:\/\/rotallieta.lv\/ru\/wp-json\/wp\/v2\/types\/product"}],"wp:featuredmedia":[{"embeddable":true,"href":"https:\/\/rotallieta.lv\/ru\/wp-json\/wp\/v2\/media\/98337"}],"wp:attachment":[{"href":"https:\/\/rotallieta.lv\/ru\/wp-json\/wp\/v2\/media?parent=98670"}],"wp:term":[{"taxonomy":"product_cat","embeddable":true,"href":"https:\/\/rotallieta.lv\/ru\/wp-json\/wp\/v2\/product_cat?post=98670"},{"taxonomy":"product_tag","embeddable":true,"href":"https:\/\/rotallieta.lv\/ru\/wp-json\/wp\/v2\/product_tag?post=98670"}],"curies":[{"name":"wp","href":"https:\/\/api.w.org\/{rel}","templated":true}]}}