{"id":98676,"date":"2025-06-04T20:42:48","date_gmt":"2025-06-04T20:42:48","guid":{"rendered":"https:\/\/rotallieta.lv\/?post_type=product&#038;p=98676"},"modified":"2026-02-23T22:38:21","modified_gmt":"2026-02-23T22:38:21","slug":"%d1%80%d0%b0%d0%b4%d0%b8%d0%be%d1%83%d0%bf%d1%80%d0%b0%d0%b2%d0%bb%d1%8f%d0%b5%d0%bc%d0%b0%d1%8f-%d0%bc%d0%b0%d1%88%d0%b8%d0%bd%d0%b0-mercedes-benz-g63-114-rastar-95700","status":"publish","type":"product","link":"https:\/\/rotallieta.lv\/ru\/first\/%d1%80%d0%b0%d0%b4%d0%b8%d0%be%d1%83%d0%bf%d1%80%d0%b0%d0%b2%d0%bb%d1%8f%d0%b5%d0%bc%d0%b0%d1%8f-%d0%bc%d0%b0%d1%88%d0%b8%d0%bd%d0%b0-mercedes-benz-g63-114-rastar-95700\/","title":{"rendered":"\u0420\u0430\u0434\u0438\u043e\u0443\u043f\u0440\u0430\u0432\u043b\u044f\u0435\u043c\u0430\u044f \u043c\u0430\u0448\u0438\u043d\u0430 Mercedes-Benz G63 1:14 Rastar 95700"},"content":{"rendered":"<p><iframe title=\"Radiovad\u0101ma ma\u0161\u012bna Mercedes Benz G63 1 14 Rastar 95700 RC Car\" width=\"500\" height=\"281\" src=\"https:\/\/www.youtube.com\/embed\/4lU3ysu0CxA?feature=oembed\" frameborder=\"0\" allow=\"accelerometer; autoplay; clipboard-write; encrypted-media; gyroscope; picture-in-picture; web-share\" referrerpolicy=\"strict-origin-when-cross-origin\" allowfullscreen><\/iframe><\/p>\n<p>\u0418\u0433\u0440\u0443\u0448\u0435\u0447\u043d\u044b\u0439 \u0432\u043d\u0435\u0434\u043e\u0440\u043e\u0436\u043d\u0438\u043a Mercedes-Benz G63 \u043d\u0430 \u043f\u0443\u043b\u044c\u0442\u0435 \u0434\u0438\u0441\u0442\u0430\u043d\u0446\u0438\u043e\u043d\u043d\u043e\u0433\u043e \u0443\u043f\u0440\u0430\u0432\u043b\u0435\u043d\u0438\u044f. \u0423 \u0430\u0432\u0442\u043e\u043c\u043e\u0431\u0438\u043b\u044f \u043e\u0442\u043a\u0440\u044b\u0432\u0430\u044e\u0442\u0441\u044f \u043f\u0435\u0440\u0435\u0434\u043d\u0438\u0435 \u0434\u0432\u0435\u0440\u0438 \u0438 \u0431\u0430\u0433\u0430\u0436\u043d\u0438\u043a. \u0412\u043e \u0432\u0440\u0435\u043c\u044f \u0434\u0432\u0438\u0436\u0435\u043d\u0438\u044f \u0441\u0432\u0435\u0442\u044f\u0442\u0441\u044f \u043f\u0435\u0440\u0435\u0434\u043d\u0438\u0435 \u0438\u043b\u0438 \u0437\u0430\u0434\u043d\u0438\u0435 \u0444\u0430\u0440\u044b.<\/p>\n","protected":false},"excerpt":{"rendered":"<p>\u0412\u043e\u0437\u0440\u0430\u0441\u0442: 6+ \u043b\u0435\u0442<\/p>\n<p>\u041c\u0430\u0441\u0448\u0442\u0430\u0431: 1\/14<\/p>\n<p>\u0411\u0430\u0442\u0430\u0440\u0435\u0439\u043a\u0438 \u0432 \u043c\u0430\u0448\u0438\u043d\u0443: 5 \u0445 \u0410\u0410 (\u043d\u0435 \u043f\u0440\u0438\u043b\u0430\u0433\u0430\u044e\u0442\u0441\u044f)<\/p>\n<p>\u0411\u0430\u0442\u0430\u0440\u0435\u0439\u043a\u0438 \u0432 \u043f\u0443\u043b\u044c\u0442: 2 \u0445 \u0410\u0410 (\u043d\u0435 \u043f\u0440\u0438\u043b\u0430\u0433\u0430\u044e\u0442\u0441\u044f)<\/p>\n<p><span style=\"color: #339966;\"><strong>\u0411\u0435\u0441\u043f\u043b\u0430\u0442\u043d\u0430\u044f \u0434\u043e\u0441\u0442\u0430\u0432\u043a\u0430!<\/strong><\/span><\/p>\n","protected":false},"featured_media":98295,"template":"","meta":[],"product_cat":[441],"product_tag":[],"class_list":{"0":"post-98676","1":"product","2":"type-product","3":"status-publish","4":"has-post-thumbnail","6":"product_cat-441","8":"first","9":"instock","10":"shipping-taxable","11":"purchasable","12":"product-type-simple"},"aioseo_notices":[],"_links":{"self":[{"href":"https:\/\/rotallieta.lv\/ru\/wp-json\/wp\/v2\/product\/98676","targetHints":{"allow":["GET"]}}],"collection":[{"href":"https:\/\/rotallieta.lv\/ru\/wp-json\/wp\/v2\/product"}],"about":[{"href":"https:\/\/rotallieta.lv\/ru\/wp-json\/wp\/v2\/types\/product"}],"wp:featuredmedia":[{"embeddable":true,"href":"https:\/\/rotallieta.lv\/ru\/wp-json\/wp\/v2\/media\/98295"}],"wp:attachment":[{"href":"https:\/\/rotallieta.lv\/ru\/wp-json\/wp\/v2\/media?parent=98676"}],"wp:term":[{"taxonomy":"product_cat","embeddable":true,"href":"https:\/\/rotallieta.lv\/ru\/wp-json\/wp\/v2\/product_cat?post=98676"},{"taxonomy":"product_tag","embeddable":true,"href":"https:\/\/rotallieta.lv\/ru\/wp-json\/wp\/v2\/product_tag?post=98676"}],"curies":[{"name":"wp","href":"https:\/\/api.w.org\/{rel}","templated":true}]}}